{"id":202,"date":"2015-09-20T17:09:00","date_gmt":"2015-09-20T14:09:00","guid":{"rendered":"http:\/\/damartedavileri.moldibi.com\/?page_id=202"},"modified":"2023-11-30T22:45:14","modified_gmt":"2023-11-30T19:45:14","slug":"basinda-biz","status":"publish","type":"page","link":"https:\/\/www.damartedavileri.com\/en\/basinda-biz\/","title":{"rendered":"Bas\u0131nda Biz"},"content":{"rendered":"<h1>Tgrt Haber &#8211; Kans\u0131z By-pass Ameliyat\u0131<\/h1>\n<div class=\"su-dailymotion su-u-responsive-media-yes\"><iframe loading=\"lazy\" width=\"480\" height=\"280\" src=\"\/\/www.dailymotion.com\/embed\/video\/xfn5v9?autoplay=0&amp;background=00b0ff&amp;foreground=F7FFFD&amp;highlight=171D1B&amp;logo=1&amp;quality=380&amp;info=0\" frameborder=\"0\" allowfullscreen=\"true\" title=\"\"><\/iframe><\/div>\n<h1>ATV Haber &#8211; Lazer Kans\u0131z By-pass Ameliyat\u0131<\/h1>\n<div class=\"su-dailymotion su-u-responsive-media-yes\"><iframe loading=\"lazy\" width=\"480\" height=\"280\" src=\"\/\/www.dailymotion.com\/embed\/video\/xeh371?autoplay=0&amp;background=00b0ff&amp;foreground=F7FFFD&amp;highlight=171D1B&amp;logo=1&amp;quality=380&amp;info=0\" frameborder=\"0\" allowfullscreen=\"true\" title=\"\"><\/iframe><\/div>\n<h1>TGRT &#8211; Zeynep&#8217;le Her\u015fey Onda<\/h1>\n<div class=\"su-dailymotion su-u-responsive-media-yes\"><iframe loading=\"lazy\" width=\"480\" height=\"280\" src=\"\/\/www.dailymotion.com\/embed\/video\/xeh2nw?autoplay=0&amp;background=00b0ff&amp;foreground=F7FFFD&amp;highlight=171D1B&amp;logo=1&amp;quality=380&amp;info=0\" frameborder=\"0\" allowfullscreen=\"true\" title=\"\"><\/iframe><\/div>\n","protected":false},"excerpt":{"rendered":"<p>Tgrt Haber &#8211; Kans\u0131z By-pass Ameliyat\u0131 ATV Haber &#8211; Lazer Kans\u0131z By-pass Ameliyat\u0131 TGRT &#8211; Zeynep&#8217;le Her\u015fey Onda<\/p>\n","protected":false},"author":5,"featured_media":0,"parent":0,"menu_order":0,"comment_status":"closed","ping_status":"closed","template":"","meta":{"footnotes":""},"class_list":["post-202","page","type-page","status-publish","hentry"],"translation":{"provider":"WPGlobus","version":"3.0.0","language":"en","enabled_languages":["tr","en"],"languages":{"tr":{"title":true,"content":true,"excerpt":false},"en":{"title":false,"content":false,"excerpt":false}}},"yoast_head":"<!-- This site is optimized with the Yoast SEO plugin v24.9 - https:\/\/yoast.com\/wordpress\/plugins\/seo\/ -->\n<title>Bas\u0131nda Biz - Damar Tedavileri<\/title>\n<meta name=\"robots\" content=\"index, follow, max-snippet:-1, max-image-preview:large, max-video-preview:-1\" \/>\n<link rel=\"canonical\" href=\"https:\/\/www.damartedavileri.com\/basinda-biz\/\" \/>\n<meta property=\"og:locale\" content=\"en_US\" \/>\n<meta property=\"og:type\" content=\"article\" \/>\n<meta property=\"og:title\" content=\"Bas\u0131nda Biz - Damar Tedavileri\" \/>\n<meta property=\"og:url\" content=\"https:\/\/www.damartedavileri.com\/basinda-biz\/\" \/>\n<meta property=\"og:site_name\" content=\"Damar Tedavileri\" \/>\n<meta property=\"article:modified_time\" content=\"2023-11-30T19:45:14+00:00\" \/>\n<meta name=\"twitter:card\" content=\"summary_large_image\" \/>\n<meta name=\"twitter:label1\" content=\"Est. reading time\" \/>\n\t<meta name=\"twitter:data1\" content=\"1 minute\" \/>\n<script type=\"application\/ld+json\" class=\"yoast-schema-graph\">{\"@context\":\"https:\/\/schema.org\",\"@graph\":[{\"@type\":\"WebPage\",\"@id\":\"https:\/\/www.damartedavileri.com\/basinda-biz\/\",\"url\":\"https:\/\/www.damartedavileri.com\/basinda-biz\/\",\"name\":\"Bas\u0131nda Biz - Damar Tedavileri\",\"isPartOf\":{\"@id\":\"https:\/\/www.damartedavileri.com\/en\/#website\"},\"datePublished\":\"2015-09-20T14:09:00+00:00\",\"dateModified\":\"2023-11-30T19:45:14+00:00\",\"breadcrumb\":{\"@id\":\"https:\/\/www.damartedavileri.com\/basinda-biz\/#breadcrumb\"},\"inLanguage\":\"en-US\",\"potentialAction\":[{\"@type\":\"ReadAction\",\"target\":[\"https:\/\/www.damartedavileri.com\/basinda-biz\/\"]}]},{\"@type\":\"BreadcrumbList\",\"@id\":\"https:\/\/www.damartedavileri.com\/basinda-biz\/#breadcrumb\",\"itemListElement\":[{\"@type\":\"ListItem\",\"position\":1,\"name\":\"Ana sayfa\",\"item\":\"https:\/\/www.damartedavileri.com\/en\/\"},{\"@type\":\"ListItem\",\"position\":2,\"name\":\"Bas\u0131nda Biz\"}]},{\"@type\":\"WebSite\",\"@id\":\"https:\/\/www.damartedavileri.com\/en\/#website\",\"url\":\"https:\/\/www.damartedavileri.com\/en\/\",\"name\":\"Damar Tedavileri\",\"description\":\"Okmeydan\u0131 Damar Merkezi\",\"potentialAction\":[{\"@type\":\"SearchAction\",\"target\":{\"@type\":\"EntryPoint\",\"urlTemplate\":\"https:\/\/www.damartedavileri.com\/en\/?s={search_term_string}\"},\"query-input\":{\"@type\":\"PropertyValueSpecification\",\"valueRequired\":true,\"valueName\":\"search_term_string\"}}],\"inLanguage\":\"en-US\"}]}<\/script>\n<!-- \/ Yoast SEO plugin. -->","yoast_head_json":{"title":"Bas\u0131nda Biz - Damar Tedavileri","robots":{"index":"index","follow":"follow","max-snippet":"max-snippet:-1","max-image-preview":"max-image-preview:large","max-video-preview":"max-video-preview:-1"},"canonical":"https:\/\/www.damartedavileri.com\/basinda-biz\/","og_locale":"en_US","og_type":"article","og_title":"Bas\u0131nda Biz - Damar Tedavileri","og_url":"https:\/\/www.damartedavileri.com\/basinda-biz\/","og_site_name":"Damar Tedavileri","article_modified_time":"2023-11-30T19:45:14+00:00","twitter_card":"summary_large_image","twitter_misc":{"Est. reading time":"1 minute"},"schema":{"@context":"https:\/\/schema.org","@graph":[{"@type":"WebPage","@id":"https:\/\/www.damartedavileri.com\/basinda-biz\/","url":"https:\/\/www.damartedavileri.com\/basinda-biz\/","name":"Bas\u0131nda Biz - Damar Tedavileri","isPartOf":{"@id":"https:\/\/www.damartedavileri.com\/en\/#website"},"datePublished":"2015-09-20T14:09:00+00:00","dateModified":"2023-11-30T19:45:14+00:00","breadcrumb":{"@id":"https:\/\/www.damartedavileri.com\/basinda-biz\/#breadcrumb"},"inLanguage":"en-US","potentialAction":[{"@type":"ReadAction","target":["https:\/\/www.damartedavileri.com\/basinda-biz\/"]}]},{"@type":"BreadcrumbList","@id":"https:\/\/www.damartedavileri.com\/basinda-biz\/#breadcrumb","itemListElement":[{"@type":"ListItem","position":1,"name":"Ana sayfa","item":"https:\/\/www.damartedavileri.com\/en\/"},{"@type":"ListItem","position":2,"name":"Bas\u0131nda Biz"}]},{"@type":"WebSite","@id":"https:\/\/www.damartedavileri.com\/en\/#website","url":"https:\/\/www.damartedavileri.com\/en\/","name":"Damar Tedavileri","description":"Okmeydan\u0131 Damar Merkezi","potentialAction":[{"@type":"SearchAction","target":{"@type":"EntryPoint","urlTemplate":"https:\/\/www.damartedavileri.com\/en\/?s={search_term_string}"},"query-input":{"@type":"PropertyValueSpecification","valueRequired":true,"valueName":"search_term_string"}}],"inLanguage":"en-US"}]}},"_links":{"self":[{"href":"https:\/\/www.damartedavileri.com\/en\/wp-json\/wp\/v2\/pages\/202","targetHints":{"allow":["GET"]}}],"collection":[{"href":"https:\/\/www.damartedavileri.com\/en\/wp-json\/wp\/v2\/pages"}],"about":[{"href":"https:\/\/www.damartedavileri.com\/en\/wp-json\/wp\/v2\/types\/page"}],"author":[{"embeddable":true,"href":"https:\/\/www.damartedavileri.com\/en\/wp-json\/wp\/v2\/users\/5"}],"replies":[{"embeddable":true,"href":"https:\/\/www.damartedavileri.com\/en\/wp-json\/wp\/v2\/comments?post=202"}],"version-history":[{"count":2,"href":"https:\/\/www.damartedavileri.com\/en\/wp-json\/wp\/v2\/pages\/202\/revisions"}],"predecessor-version":[{"id":725,"href":"https:\/\/www.damartedavileri.com\/en\/wp-json\/wp\/v2\/pages\/202\/revisions\/725"}],"wp:attachment":[{"href":"https:\/\/www.damartedavileri.com\/en\/wp-json\/wp\/v2\/media?parent=202"}],"curies":[{"name":"wp","href":"https:\/\/api.w.org\/{rel}","templated":true}]}}