{"id":204,"date":"2015-09-20T17:27:28","date_gmt":"2015-09-20T14:27:28","guid":{"rendered":"http:\/\/damartedavileri.moldibi.com\/?page_id=204"},"modified":"2018-12-27T00:42:36","modified_gmt":"2018-12-26T21:42:36","slug":"iletisim","status":"publish","type":"page","link":"https:\/\/www.damartedavileri.com\/en\/iletisim\/","title":{"rendered":"\u0130leti\u015fim"},"content":{"rendered":"<p><iframe loading=\"lazy\" src=\"https:\/\/www.google.com\/maps\/embed?pb=!1m18!1m12!1m3!1d96326.8413328595!2d28.856319907234507!3d41.0205784032331!2m3!1f0!2f0!3f0!3m2!1i1024!2i768!4f13.1!3m3!1m2!1s0x14cab710bc9c4585%3A0x74b9e066d4f837d1!2sDamar+Hastal%C4%B1klar%C4%B1+ve+Varis+Tedavisi+Merkezi!5e0!3m2!1str!2str!4v1545860457431\" style=\"border:0\" allowfullscreen=\"\" width=\"600\" height=\"450\" frameborder=\"0\"><\/iframe><\/p>\n<h2>Cafer Abbaso\u011flu<\/h2>\n<p><strong><em>Okmeydan\u0131 Damar Merkezi<\/em><\/strong><\/p>\n<p>Darulaceze Caddesi Ek\u015fio\u011flu \u0130\u015f Merkezi No:36 D:3 K:3<\/p>\n<p>34396 \u015ei\u015fli \/ \u0130stanbul<\/p>\n<p>e-posta: <a href=\"mailto:cafer@varistedavileri.com\">cafer@varistedavileri.com<\/a><br \/>\nTelefon: 0212 320 30 22<br \/>\nFaks: 0212 320 30 55<br \/>\nCep Telefonu Numaras\u0131: 0552 320 30 22<br \/>\n<a href=\"http:\/\/www.varistedavileri.com\" target=\"_blank\" rel=\"noopener\">http:\/\/www.varistedavileri.com<\/a><br \/>\n<a href=\"http:\/\/www.caferabbasoglu.com\" target=\"_blank\" rel=\"noopener\">http:\/\/www.caferabbasoglu.com<\/a><\/p>\n\n<div class=\"wpcf7 no-js\" id=\"wpcf7-f145-o1\" lang=\"tr-TR\" dir=\"ltr\" data-wpcf7-id=\"145\">\n<div class=\"screen-reader-response\"><p role=\"status\" aria-live=\"polite\" aria-atomic=\"true\"><\/p> <ul><\/ul><\/div>\n<form action=\"\/en\/wp-json\/wp\/v2\/pages\/204#wpcf7-f145-o1\" method=\"post\" class=\"wpcf7-form init\" aria-label=\"\u0130leti\u015fim Formu\" novalidate=\"novalidate\" data-status=\"init\">\n<div style=\"display: none;\">\n<input type=\"hidden\" name=\"_wpcf7\" value=\"145\" \/>\n<input type=\"hidden\" name=\"_wpcf7_version\" value=\"6.0.6\" \/>\n<input type=\"hidden\" name=\"_wpcf7_locale\" value=\"tr_TR\" \/>\n<input type=\"hidden\" name=\"_wpcf7_unit_tag\" value=\"wpcf7-f145-o1\" \/>\n<input type=\"hidden\" name=\"_wpcf7_container_post\" value=\"0\" \/>\n<input type=\"hidden\" name=\"_wpcf7_posted_data_hash\" value=\"\" \/>\n<\/div>\n<p>Ad\u0131n\u0131z (gerekli)\n<\/p>\n<p><span class=\"wpcf7-form-control-wrap\" data-name=\"your-name\"><input size=\"40\" maxlength=\"400\" class=\"wpcf7-form-control wpcf7-text wpcf7-validates-as-required\" aria-required=\"true\" aria-invalid=\"false\" value=\"\" type=\"text\" name=\"your-name\" \/><\/span>\n<\/p>\n<p>Epostan\u0131z (gerekli)\n<\/p>\n<p><span class=\"wpcf7-form-control-wrap\" data-name=\"your-email\"><input size=\"40\" maxlength=\"400\" class=\"wpcf7-form-control wpcf7-email wpcf7-validates-as-required wpcf7-text wpcf7-validates-as-email\" aria-required=\"true\" aria-invalid=\"false\" value=\"\" type=\"email\" name=\"your-email\" \/><\/span>\n<\/p>\n<p>Konu\n<\/p>\n<p><span class=\"wpcf7-form-control-wrap\" data-name=\"your-subject\"><input size=\"40\" maxlength=\"400\" class=\"wpcf7-form-control wpcf7-text\" aria-invalid=\"false\" value=\"\" type=\"text\" name=\"your-subject\" \/><\/span>\n<\/p>\n<p>\u0130letiniz\n<\/p>\n<p><span class=\"wpcf7-form-control-wrap\" data-name=\"your-message\"><textarea cols=\"40\" rows=\"10\" maxlength=\"2000\" class=\"wpcf7-form-control wpcf7-textarea\" aria-invalid=\"false\" name=\"your-message\"><\/textarea><\/span>\n<\/p>\n<p><input class=\"wpcf7-form-control wpcf7-submit has-spinner\" type=\"submit\" value=\"G\u00f6nder\" \/>\n<\/p><div class=\"wpcf7-response-output\" aria-hidden=\"true\"><\/div>\n<\/form>\n<\/div>\n\n","protected":false},"excerpt":{"rendered":"<p>Cafer Abbaso\u011flu Okmeydan\u0131 Damar Merkezi Darulaceze Caddesi Ek\u015fio\u011flu \u0130\u015f Merkezi No:36 D:3 K:3 34396 \u015ei\u015fli \/ \u0130stanbul e-posta: cafer@varistedavileri.com Telefon: 0212 320 30 22 Faks: 0212 320 30 55 Cep Telefonu Numaras\u0131: 0552 320 30 22 http:\/\/www.varistedavileri.com http:\/\/www.caferabbasoglu.com<\/p>\n","protected":false},"author":5,"featured_media":0,"parent":0,"menu_order":0,"comment_status":"closed","ping_status":"closed","template":"","meta":{"footnotes":""},"class_list":["post-204","page","type-page","status-publish","hentry"],"translation":{"provider":"WPGlobus","version":"3.0.0","language":"en","enabled_languages":["tr","en"],"languages":{"tr":{"title":true,"content":true,"excerpt":false},"en":{"title":false,"content":false,"excerpt":false}}},"yoast_head":"<!-- This site is optimized with the Yoast SEO plugin v24.9 - https:\/\/yoast.com\/wordpress\/plugins\/seo\/ -->\n<title>\u0130leti\u015fim - Damar Tedavileri<\/title>\n<meta name=\"robots\" content=\"index, follow, max-snippet:-1, max-image-preview:large, max-video-preview:-1\" \/>\n<link rel=\"canonical\" href=\"https:\/\/www.damartedavileri.com\/en\/iletisim\/\" \/>\n<meta property=\"og:locale\" content=\"en_US\" \/>\n<meta property=\"og:type\" content=\"article\" \/>\n<meta property=\"og:title\" content=\"\u0130leti\u015fim - Damar Tedavileri\" \/>\n<meta property=\"og:url\" content=\"https:\/\/www.damartedavileri.com\/en\/iletisim\/\" \/>\n<meta property=\"og:site_name\" content=\"Damar Tedavileri\" \/>\n<meta property=\"article:modified_time\" content=\"2018-12-26T21:42:36+00:00\" \/>\n<meta name=\"twitter:card\" content=\"summary_large_image\" \/>\n<script type=\"application\/ld+json\" class=\"yoast-schema-graph\">{\"@context\":\"https:\/\/schema.org\",\"@graph\":[{\"@type\":\"WebPage\",\"@id\":\"https:\/\/www.damartedavileri.com\/en\/iletisim\/\",\"url\":\"https:\/\/www.damartedavileri.com\/en\/iletisim\/\",\"name\":\"\u0130leti\u015fim - Damar Tedavileri\",\"isPartOf\":{\"@id\":\"https:\/\/www.damartedavileri.com\/en\/#website\"},\"datePublished\":\"2015-09-20T14:27:28+00:00\",\"dateModified\":\"2018-12-26T21:42:36+00:00\",\"breadcrumb\":{\"@id\":\"https:\/\/www.damartedavileri.com\/en\/iletisim\/#breadcrumb\"},\"inLanguage\":\"en-US\",\"potentialAction\":[{\"@type\":\"ReadAction\",\"target\":[\"https:\/\/www.damartedavileri.com\/en\/iletisim\/\"]}]},{\"@type\":\"BreadcrumbList\",\"@id\":\"https:\/\/www.damartedavileri.com\/en\/iletisim\/#breadcrumb\",\"itemListElement\":[{\"@type\":\"ListItem\",\"position\":1,\"name\":\"Ana sayfa\",\"item\":\"https:\/\/www.damartedavileri.com\/en\/\"},{\"@type\":\"ListItem\",\"position\":2,\"name\":\"\u0130leti\u015fim\"}]},{\"@type\":\"WebSite\",\"@id\":\"https:\/\/www.damartedavileri.com\/en\/#website\",\"url\":\"https:\/\/www.damartedavileri.com\/en\/\",\"name\":\"Damar Tedavileri\",\"description\":\"Okmeydan\u0131 Damar Merkezi\",\"potentialAction\":[{\"@type\":\"SearchAction\",\"target\":{\"@type\":\"EntryPoint\",\"urlTemplate\":\"https:\/\/www.damartedavileri.com\/en\/?s={search_term_string}\"},\"query-input\":{\"@type\":\"PropertyValueSpecification\",\"valueRequired\":true,\"valueName\":\"search_term_string\"}}],\"inLanguage\":\"en-US\"}]}<\/script>\n<!-- \/ Yoast SEO plugin. -->","yoast_head_json":{"title":"\u0130leti\u015fim - Damar Tedavileri","robots":{"index":"index","follow":"follow","max-snippet":"max-snippet:-1","max-image-preview":"max-image-preview:large","max-video-preview":"max-video-preview:-1"},"canonical":"https:\/\/www.damartedavileri.com\/en\/iletisim\/","og_locale":"en_US","og_type":"article","og_title":"\u0130leti\u015fim - Damar Tedavileri","og_url":"https:\/\/www.damartedavileri.com\/en\/iletisim\/","og_site_name":"Damar Tedavileri","article_modified_time":"2018-12-26T21:42:36+00:00","twitter_card":"summary_large_image","schema":{"@context":"https:\/\/schema.org","@graph":[{"@type":"WebPage","@id":"https:\/\/www.damartedavileri.com\/en\/iletisim\/","url":"https:\/\/www.damartedavileri.com\/en\/iletisim\/","name":"\u0130leti\u015fim - Damar Tedavileri","isPartOf":{"@id":"https:\/\/www.damartedavileri.com\/en\/#website"},"datePublished":"2015-09-20T14:27:28+00:00","dateModified":"2018-12-26T21:42:36+00:00","breadcrumb":{"@id":"https:\/\/www.damartedavileri.com\/en\/iletisim\/#breadcrumb"},"inLanguage":"en-US","potentialAction":[{"@type":"ReadAction","target":["https:\/\/www.damartedavileri.com\/en\/iletisim\/"]}]},{"@type":"BreadcrumbList","@id":"https:\/\/www.damartedavileri.com\/en\/iletisim\/#breadcrumb","itemListElement":[{"@type":"ListItem","position":1,"name":"Ana sayfa","item":"https:\/\/www.damartedavileri.com\/en\/"},{"@type":"ListItem","position":2,"name":"\u0130leti\u015fim"}]},{"@type":"WebSite","@id":"https:\/\/www.damartedavileri.com\/en\/#website","url":"https:\/\/www.damartedavileri.com\/en\/","name":"Damar Tedavileri","description":"Okmeydan\u0131 Damar Merkezi","potentialAction":[{"@type":"SearchAction","target":{"@type":"EntryPoint","urlTemplate":"https:\/\/www.damartedavileri.com\/en\/?s={search_term_string}"},"query-input":{"@type":"PropertyValueSpecification","valueRequired":true,"valueName":"search_term_string"}}],"inLanguage":"en-US"}]}},"_links":{"self":[{"href":"https:\/\/www.damartedavileri.com\/en\/wp-json\/wp\/v2\/pages\/204","targetHints":{"allow":["GET"]}}],"collection":[{"href":"https:\/\/www.damartedavileri.com\/en\/wp-json\/wp\/v2\/pages"}],"about":[{"href":"https:\/\/www.damartedavileri.com\/en\/wp-json\/wp\/v2\/types\/page"}],"author":[{"embeddable":true,"href":"https:\/\/www.damartedavileri.com\/en\/wp-json\/wp\/v2\/users\/5"}],"replies":[{"embeddable":true,"href":"https:\/\/www.damartedavileri.com\/en\/wp-json\/wp\/v2\/comments?post=204"}],"version-history":[{"count":2,"href":"https:\/\/www.damartedavileri.com\/en\/wp-json\/wp\/v2\/pages\/204\/revisions"}],"predecessor-version":[{"id":597,"href":"https:\/\/www.damartedavileri.com\/en\/wp-json\/wp\/v2\/pages\/204\/revisions\/597"}],"wp:attachment":[{"href":"https:\/\/www.damartedavileri.com\/en\/wp-json\/wp\/v2\/media?parent=204"}],"curies":[{"name":"wp","href":"https:\/\/api.w.org\/{rel}","templated":true}]}}