{"id":25,"date":"2010-07-27T19:27:06","date_gmt":"2010-07-27T16:27:06","guid":{"rendered":"http:\/\/damartedavileri.moldibi.com\/hamilelikhamilelik-doeneminde-varis-oluumu-ve-tedavisi\/"},"modified":"2015-12-19T15:29:49","modified_gmt":"2015-12-19T13:29:49","slug":"hamilelikhamilelik-doeneminde-varis-oluumu-ve-tedavisi","status":"publish","type":"page","link":"https:\/\/www.damartedavileri.com\/en\/hamilelikhamilelik-doeneminde-varis-oluumu-ve-tedavisi\/","title":{"rendered":"Hamilelikte Varis"},"content":{"rendered":"<h2>Hamilelik d\u00f6neminde varis olu\u015fumu ve tedavisi<\/h2>\n<p><img loading=\"lazy\" decoding=\"async\" class=\"alignleft size-full wp-image-23\" style=\"margin-bottom: 2px; margin-right: 5px; float: left;\" src=\"\/wp-content\/uploads\/images\/hamile_bayan.jpg\" alt=\"\" width=\"126\" height=\"243\" \/><\/p>\n<ul dir=\"ltr\">\n<li><strong>Hamilelik bacaklar\u0131mda nas\u0131l bir etki yapacakt\u0131r?<\/strong><br \/>\nHamilelik d\u00f6neminde bir \u00e7ok de\u011fi\u015fiklik olu\u015fuyor.hormon sekresiyonuna sekonder toplar damarlar\u0131n duvarlar\u0131nda gev\u015feme meydana geliyor, buda varis ve \u00f6r\u00fcmcek a\u011f\u0131 damarlar\u0131n\u0131n olu\u015fmas\u0131na neden oluyor; ayr\u0131ca hamilelikte vucuttaki kan hacmindeki art\u0131\u015f ve uterusun ana toplar damarlara olu\u015fturdu\u011fu bas\u0131ya ba\u011fl\u0131 bacaklardaki toplar damarlarda g\u00f6llenme meydana geliyor ve bacaklarda \u015fi\u015fkinlik ve rahats\u0131zl\u0131k his ediliyor.<\/li>\n<li><strong>Hamile kal\u0131rsam bacaklar\u0131mda varis olu\u015facak m\u0131?<\/strong><strong>Genetik yap\u0131 + kad\u0131nl\u0131k hormonlar\u0131 = varisler<\/strong><br \/>\nE\u011fer genetik yap\u0131n\u0131z varise m\u00fcsaid ise, gebelik d\u00f6neminde hormonlar\u0131n etkisi ile bacaklar\u0131n\u0131zda varis olu\u015fabilir.yakala\u015f\u0131k gebelerin %40 \u0131nda varis problemleri vard\u0131r.<\/li>\n<li><img loading=\"lazy\" decoding=\"async\" class=\"size-full wp-image-24 alignnone\" style=\"margin-right: 15px; margin-bottom: 5px; float: left;\" src=\"\/wp-content\/uploads\/images\/hamilelikte_sis_bacaklar.jpg\" alt=\"\" width=\"175\" height=\"175\" \/> <strong>Bacaklar\u0131mdaki \u015fi\u015fkinlik neye ba\u011fl\u0131d\u0131r?<\/strong><br \/>\nHamile bayanlarda,\u00f6zellikle son aylarda daha belirgin olmak \u00fczere, bacaklarda \u015fi\u015fkinlik ve dolgunluk oluyor. Kan bas\u0131nc\u0131 kontrol edilmelidir. E\u011fer kan bas\u0131nc\u0131 normal d\u00fczeyde ise \u015fi\u015fkinli\u011fin nedeni varisler olabilir.<\/li>\n<li><strong>Hamilelik s\u0131ras\u0131nda varislerden korunmak veya varislerin ilerlemesini \u00f6nlemek i\u00e7in ne yapmal\u0131y\u0131z?<\/strong><br \/>\nVarislerden dolay\u0131 ayaklarda yorgunluk, a\u011f\u0131rl\u0131k ve \u015fi\u015fkinlik his ediliyor bu belirtileri azaltmak i\u00e7in yapmam\u0131z gerekenler:<\/p>\n<ul dir=\"ltr\">\n<li>varis coraplar\u0131 giymelisiniz: iki t\u00fcr varis corab\u0131 var (az bas\u0131ncl\u0131 ve orta bas\u0131ncl\u0131) . orta bas\u0131ncl\u0131 olanlar hamile bayanlar taraf\u0131ndan daha az tolere ediliyor ve genelde az bas\u0131ncl\u0131 olanlar tercih ediliyor. Hamileli\u011fin 4-5 ay\u0131ndan itibaren varis corablar\u0131n kullan\u0131lmas\u0131n\u0131 \u00f6neriyoruz. Hamile bayanlar i\u00e7in \u00fcretilen bat\u0131n b\u00f6l\u00fcm\u00fc esnek olan \u00e7oraplar tavsiye edilmektedir.<\/li>\n<li>Spor yapmal\u0131s\u0131n\u0131z; y\u00fczme, y\u00fcr\u00fcy\u00fc\u015f hamilelik d\u00f6neminde en iyi sporlar aras\u0131nda yer al\u0131yorlar.<\/li>\n<li>Uzun sure ayakta durmamal\u0131s\u0131n\u0131z; dinlendi\u011finiz zaman ayaklar\u0131n\u0131z\u0131 vucudunuzdan daha y\u00fcksek seviyede tutmal\u0131s\u0131n\u0131z.<\/li>\n<\/ul>\n<\/li>\n<li><strong>Hamilelik s\u0131ras\u0131nda olu\u015fan varisler ve \u00f6r\u00fcmcek a\u011flar\u0131 kal\u0131c\u0131 m\u0131d\u0131r?<\/strong><br \/>\nHamilelik s\u0131ras\u0131nda olu\u015fan bir \u00e7ok varis ve \u00f6r\u00fcmcek a\u011flar\u0131 hamilelikten hemen sonra kayboluyor, ancak do\u011fumdan iki ay sonra kalm\u0131\u015f olan (b\u00fcy\u00fck veya k\u00fc\u00e7\u00fck varisler) kal\u0131c\u0131d\u0131r. Kal\u0131c\u0131 varislerin tedavisi gerekmektdir.<\/li>\n<li><img decoding=\"async\" style=\"margin-right: 15px; margin-bottom: 5px; float: left;\" src=\"\/wp-content\/uploads\/images\/bebl.jpg\" alt=\"\" \/><strong>Hamilelik s\u0131ras\u0131nda tedavi \u00f6neriyor musunuz?<\/strong><br \/>\nHamilelik s\u0131ras\u0131nda olu\u015fan varisler do\u011fumdan sonra, iki ay i\u00e7erisinde geriliyor ancak tam iyile\u015fme sa\u011flanmiyor; bu y\u00fczden bir \u00e7ok hastaya hamilelik s\u0131ras\u0131nda varis tedavisi \u00f6nerilmemektedir. Tedavi olmayan varislerde hamilelik s\u0131ras\u0131nda ve do\u011fumdan 6 hafta sonras\u0131na kadar toplar damarlarda tromboz komplikasyonu olu\u015fabilir. Bu tromboze ve daralm\u0131\u015f, hasar g\u00f6rm\u00fc\u015f damarlarda daha sonra ak\u0131m sa\u011flansa bile kapakc\u0131klarda hasar olu\u015facaktir ve bu nedenle hasta do\u011fumdan 6 ay ila 1 sene sonra artm\u0131\u015f \u015fikayetler ile bize ba\u015fvuracakt\u0131r.<\/li>\n<li><strong>Gebelikde hangi varislerin tedaviye ihtiyac\u0131 var?<\/strong><br \/>\nHamilelik d\u00f6neminde varis tedavisinin 3 ana nedeni:<\/p>\n<ul dir=\"ltr\">\n<li>Hastay\u0131 rahats\u0131z eden belirtileri en aza indirmek i\u00e7in. \u00d6rne\u011fin bacaklarda kramplar, yorgunluk, \u015fi\u015fkinlik, s\u0131cakl\u0131k, egzema, \u00fclserasyon<\/li>\n<li>Y\u00fczeyel ve derin toplar damar tromboz (t\u0131kan\u0131kl\u0131k) tehlikesini en aza indirmek i\u00e7in<\/li>\n<li>Hamilelikden \u00f6nce hafif ven\u00f6z yetersizli\u011fi olan ven duvarlarlar\u0131 gebelik d\u00f6neminde daha fazla bas\u0131n\u00e7 alt\u0131nda olup bu damarlarda tedavi yap\u0131lmad\u0131\u011f\u0131 takdirde kal\u0131c\u0131 tahribat olu\u015fabilir.<\/li>\n<\/ul>\n<\/li>\n<\/ul>\n<p><img loading=\"lazy\" decoding=\"async\" class=\"aligncenter size-full wp-image-367\" src=\"http:\/\/www.damartedavileri.com\/wp-content\/uploads\/2010\/07\/hamile_giysili_cansiz_manken.jpg\" alt=\"hamile_giysili_cansiz_manken\" width=\"360\" height=\"542\" srcset=\"https:\/\/www.damartedavileri.com\/wp-content\/uploads\/2010\/07\/hamile_giysili_cansiz_manken.jpg 360w, https:\/\/www.damartedavileri.com\/wp-content\/uploads\/2010\/07\/hamile_giysili_cansiz_manken-199x300.jpg 199w\" sizes=\"auto, (max-width: 360px) 100vw, 360px\" \/><\/p>\n","protected":false},"excerpt":{"rendered":"<p>Hamilelik d\u00f6neminde varis olu\u015fumu ve tedavisi Hamilelik bacaklar\u0131mda nas\u0131l bir etki yapacakt\u0131r? Hamilelik d\u00f6neminde bir \u00e7ok de\u011fi\u015fiklik olu\u015fuyor.hormon sekresiyonuna sekonder toplar damarlar\u0131n duvarlar\u0131nda gev\u015feme meydana geliyor, buda varis ve \u00f6r\u00fcmcek a\u011f\u0131 damarlar\u0131n\u0131n olu\u015fmas\u0131na neden oluyor; ayr\u0131ca hamilelikte vucuttaki kan hacmindeki art\u0131\u015f ve uterusun ana toplar damarlara olu\u015fturdu\u011fu bas\u0131ya ba\u011fl\u0131 bacaklardaki toplar damarlarda g\u00f6llenme meydana geliyor [&hellip;]<\/p>\n","protected":false},"author":5,"featured_media":0,"parent":0,"menu_order":10,"comment_status":"closed","ping_status":"closed","template":"","meta":{"footnotes":""},"class_list":["post-25","page","type-page","status-publish","hentry"],"translation":{"provider":"WPGlobus","version":"3.0.0","language":"en","enabled_languages":["tr","en"],"languages":{"tr":{"title":true,"content":true,"excerpt":false},"en":{"title":false,"content":false,"excerpt":false}}},"yoast_head":"<!-- This site is optimized with the Yoast SEO plugin v24.9 - https:\/\/yoast.com\/wordpress\/plugins\/seo\/ -->\n<title>Hamilelikte Varis - Damar Tedavileri<\/title>\n<meta name=\"robots\" content=\"index, follow, max-snippet:-1, max-image-preview:large, max-video-preview:-1\" \/>\n<link rel=\"canonical\" href=\"https:\/\/www.damartedavileri.com\/hamilelikhamilelik-doeneminde-varis-oluumu-ve-tedavisi\/\" \/>\n<meta property=\"og:locale\" content=\"en_US\" \/>\n<meta property=\"og:type\" content=\"article\" \/>\n<meta property=\"og:title\" content=\"Hamilelikte Varis - Damar Tedavileri\" \/>\n<meta property=\"og:url\" content=\"https:\/\/www.damartedavileri.com\/hamilelikhamilelik-doeneminde-varis-oluumu-ve-tedavisi\/\" \/>\n<meta property=\"og:site_name\" content=\"Damar Tedavileri\" \/>\n<meta property=\"article:modified_time\" content=\"2015-12-19T13:29:49+00:00\" \/>\n<meta property=\"og:image\" content=\"http:\/\/www.damartedavileri.com\/wp-content\/uploads\/2010\/07\/hamile_giysili_cansiz_manken.jpg\" \/>\n<meta name=\"twitter:card\" content=\"summary_large_image\" \/>\n<meta name=\"twitter:label1\" content=\"Est. reading time\" \/>\n\t<meta name=\"twitter:data1\" content=\"3 minutes\" \/>\n<script type=\"application\/ld+json\" class=\"yoast-schema-graph\">{\"@context\":\"https:\/\/schema.org\",\"@graph\":[{\"@type\":\"WebPage\",\"@id\":\"https:\/\/www.damartedavileri.com\/hamilelikhamilelik-doeneminde-varis-oluumu-ve-tedavisi\/\",\"url\":\"https:\/\/www.damartedavileri.com\/hamilelikhamilelik-doeneminde-varis-oluumu-ve-tedavisi\/\",\"name\":\"Hamilelikte Varis - Damar Tedavileri\",\"isPartOf\":{\"@id\":\"https:\/\/www.damartedavileri.com\/#website\"},\"primaryImageOfPage\":{\"@id\":\"https:\/\/www.damartedavileri.com\/hamilelikhamilelik-doeneminde-varis-oluumu-ve-tedavisi\/#primaryimage\"},\"image\":{\"@id\":\"https:\/\/www.damartedavileri.com\/hamilelikhamilelik-doeneminde-varis-oluumu-ve-tedavisi\/#primaryimage\"},\"thumbnailUrl\":\"http:\/\/www.damartedavileri.com\/wp-content\/uploads\/2010\/07\/hamile_giysili_cansiz_manken.jpg\",\"datePublished\":\"2010-07-27T16:27:06+00:00\",\"dateModified\":\"2015-12-19T13:29:49+00:00\",\"breadcrumb\":{\"@id\":\"https:\/\/www.damartedavileri.com\/hamilelikhamilelik-doeneminde-varis-oluumu-ve-tedavisi\/#breadcrumb\"},\"inLanguage\":\"en-US\",\"potentialAction\":[{\"@type\":\"ReadAction\",\"target\":[\"https:\/\/www.damartedavileri.com\/hamilelikhamilelik-doeneminde-varis-oluumu-ve-tedavisi\/\"]}]},{\"@type\":\"ImageObject\",\"inLanguage\":\"en-US\",\"@id\":\"https:\/\/www.damartedavileri.com\/hamilelikhamilelik-doeneminde-varis-oluumu-ve-tedavisi\/#primaryimage\",\"url\":\"http:\/\/www.damartedavileri.com\/wp-content\/uploads\/2010\/07\/hamile_giysili_cansiz_manken.jpg\",\"contentUrl\":\"http:\/\/www.damartedavileri.com\/wp-content\/uploads\/2010\/07\/hamile_giysili_cansiz_manken.jpg\"},{\"@type\":\"BreadcrumbList\",\"@id\":\"https:\/\/www.damartedavileri.com\/hamilelikhamilelik-doeneminde-varis-oluumu-ve-tedavisi\/#breadcrumb\",\"itemListElement\":[{\"@type\":\"ListItem\",\"position\":1,\"name\":\"Ana sayfa\",\"item\":\"https:\/\/www.damartedavileri.com\/\"},{\"@type\":\"ListItem\",\"position\":2,\"name\":\"Hamilelikte Varis\"}]},{\"@type\":\"WebSite\",\"@id\":\"https:\/\/www.damartedavileri.com\/#website\",\"url\":\"https:\/\/www.damartedavileri.com\/\",\"name\":\"Damar Tedavileri\",\"description\":\"Okmeydan\u0131 Damar Merkezi\",\"potentialAction\":[{\"@type\":\"SearchAction\",\"target\":{\"@type\":\"EntryPoint\",\"urlTemplate\":\"https:\/\/www.damartedavileri.com\/?s={search_term_string}\"},\"query-input\":{\"@type\":\"PropertyValueSpecification\",\"valueRequired\":true,\"valueName\":\"search_term_string\"}}],\"inLanguage\":\"en-US\"}]}<\/script>\n<!-- \/ Yoast SEO plugin. -->","yoast_head_json":{"title":"Hamilelikte Varis - Damar Tedavileri","robots":{"index":"index","follow":"follow","max-snippet":"max-snippet:-1","max-image-preview":"max-image-preview:large","max-video-preview":"max-video-preview:-1"},"canonical":"https:\/\/www.damartedavileri.com\/hamilelikhamilelik-doeneminde-varis-oluumu-ve-tedavisi\/","og_locale":"en_US","og_type":"article","og_title":"Hamilelikte Varis - Damar Tedavileri","og_url":"https:\/\/www.damartedavileri.com\/hamilelikhamilelik-doeneminde-varis-oluumu-ve-tedavisi\/","og_site_name":"Damar Tedavileri","article_modified_time":"2015-12-19T13:29:49+00:00","og_image":[{"url":"http:\/\/www.damartedavileri.com\/wp-content\/uploads\/2010\/07\/hamile_giysili_cansiz_manken.jpg","type":"","width":"","height":""}],"twitter_card":"summary_large_image","twitter_misc":{"Est. reading time":"3 minutes"},"schema":{"@context":"https:\/\/schema.org","@graph":[{"@type":"WebPage","@id":"https:\/\/www.damartedavileri.com\/hamilelikhamilelik-doeneminde-varis-oluumu-ve-tedavisi\/","url":"https:\/\/www.damartedavileri.com\/hamilelikhamilelik-doeneminde-varis-oluumu-ve-tedavisi\/","name":"Hamilelikte Varis - Damar Tedavileri","isPartOf":{"@id":"https:\/\/www.damartedavileri.com\/#website"},"primaryImageOfPage":{"@id":"https:\/\/www.damartedavileri.com\/hamilelikhamilelik-doeneminde-varis-oluumu-ve-tedavisi\/#primaryimage"},"image":{"@id":"https:\/\/www.damartedavileri.com\/hamilelikhamilelik-doeneminde-varis-oluumu-ve-tedavisi\/#primaryimage"},"thumbnailUrl":"http:\/\/www.damartedavileri.com\/wp-content\/uploads\/2010\/07\/hamile_giysili_cansiz_manken.jpg","datePublished":"2010-07-27T16:27:06+00:00","dateModified":"2015-12-19T13:29:49+00:00","breadcrumb":{"@id":"https:\/\/www.damartedavileri.com\/hamilelikhamilelik-doeneminde-varis-oluumu-ve-tedavisi\/#breadcrumb"},"inLanguage":"en-US","potentialAction":[{"@type":"ReadAction","target":["https:\/\/www.damartedavileri.com\/hamilelikhamilelik-doeneminde-varis-oluumu-ve-tedavisi\/"]}]},{"@type":"ImageObject","inLanguage":"en-US","@id":"https:\/\/www.damartedavileri.com\/hamilelikhamilelik-doeneminde-varis-oluumu-ve-tedavisi\/#primaryimage","url":"http:\/\/www.damartedavileri.com\/wp-content\/uploads\/2010\/07\/hamile_giysili_cansiz_manken.jpg","contentUrl":"http:\/\/www.damartedavileri.com\/wp-content\/uploads\/2010\/07\/hamile_giysili_cansiz_manken.jpg"},{"@type":"BreadcrumbList","@id":"https:\/\/www.damartedavileri.com\/hamilelikhamilelik-doeneminde-varis-oluumu-ve-tedavisi\/#breadcrumb","itemListElement":[{"@type":"ListItem","position":1,"name":"Ana sayfa","item":"https:\/\/www.damartedavileri.com\/"},{"@type":"ListItem","position":2,"name":"Hamilelikte Varis"}]},{"@type":"WebSite","@id":"https:\/\/www.damartedavileri.com\/#website","url":"https:\/\/www.damartedavileri.com\/","name":"Damar Tedavileri","description":"Okmeydan\u0131 Damar Merkezi","potentialAction":[{"@type":"SearchAction","target":{"@type":"EntryPoint","urlTemplate":"https:\/\/www.damartedavileri.com\/?s={search_term_string}"},"query-input":{"@type":"PropertyValueSpecification","valueRequired":true,"valueName":"search_term_string"}}],"inLanguage":"en-US"}]}},"_links":{"self":[{"href":"https:\/\/www.damartedavileri.com\/en\/wp-json\/wp\/v2\/pages\/25","targetHints":{"allow":["GET"]}}],"collection":[{"href":"https:\/\/www.damartedavileri.com\/en\/wp-json\/wp\/v2\/pages"}],"about":[{"href":"https:\/\/www.damartedavileri.com\/en\/wp-json\/wp\/v2\/types\/page"}],"author":[{"embeddable":true,"href":"https:\/\/www.damartedavileri.com\/en\/wp-json\/wp\/v2\/users\/5"}],"replies":[{"embeddable":true,"href":"https:\/\/www.damartedavileri.com\/en\/wp-json\/wp\/v2\/comments?post=25"}],"version-history":[{"count":1,"href":"https:\/\/www.damartedavileri.com\/en\/wp-json\/wp\/v2\/pages\/25\/revisions"}],"predecessor-version":[{"id":438,"href":"https:\/\/www.damartedavileri.com\/en\/wp-json\/wp\/v2\/pages\/25\/revisions\/438"}],"wp:attachment":[{"href":"https:\/\/www.damartedavileri.com\/en\/wp-json\/wp\/v2\/media?parent=25"}],"curies":[{"name":"wp","href":"https:\/\/api.w.org\/{rel}","templated":true}]}}