{"id":31,"date":"2010-07-30T11:12:52","date_gmt":"2010-07-30T08:12:52","guid":{"rendered":"http:\/\/damartedavileri.moldibi.com\/cafer-abbasoglu\/"},"modified":"2016-04-20T22:42:46","modified_gmt":"2016-04-20T19:42:46","slug":"cafer-abbasoglu","status":"publish","type":"page","link":"https:\/\/www.damartedavileri.com\/en\/cafer-abbasoglu\/","title":{"rendered":"Cafer Abbasoglu"},"content":{"rendered":"<p><img loading=\"lazy\" decoding=\"async\" class=\"alignleft size-full wp-image-30\" style=\"float: left;\" src=\"http:\/\/www.damartedavileri.com\/wp-content\/uploads\/2010\/07\/drabbasoglu.jpg\" alt=\"\" width=\"400\" height=\"263\" srcset=\"https:\/\/www.damartedavileri.com\/wp-content\/uploads\/2010\/07\/drabbasoglu.jpg 498w, https:\/\/www.damartedavileri.com\/wp-content\/uploads\/2010\/07\/drabbasoglu-300x198.jpg 300w\" sizes=\"auto, (max-width: 400px) 100vw, 400px\" \/><\/p>\n<p>&nbsp;<\/p>\n<p><a href=\"\/wp-content\/uploads\/2010\/07\/dr_ca_english_resume.jpg\" target=\"_blank\">Dr. Cafer Abbasoglu &#8211; English Resume<\/a><\/p>\n<table style=\"width: 500px; height: 385px;\" border=\"0\">\n<tbody>\n<tr>\n<td><span style=\"font-size: 8pt;\"><strong><span style=\"font-family: verdana, geneva;\">Ad\u0131 Soyad\u0131 <\/span><\/strong><\/span><\/td>\n<td><span style=\"font-size: 8pt; font-family: verdana, geneva;\">Cafer Abbaso\u011flu<\/span><\/td>\n<\/tr>\n<tr>\n<td><span style=\"font-size: 8pt;\"><strong><span style=\"font-family: verdana, geneva;\">Do\u011fum Yeri ve Y\u0131l\u0131 <\/span><\/strong><\/span><\/td>\n<td><span style=\"font-size: 8pt; font-family: verdana, geneva;\">Maku, 10.03.1958<\/span><\/td>\n<\/tr>\n<tr>\n<td><span style=\"font-size: 8pt;\"><strong><span style=\"font-family: verdana, geneva;\">Uzmanl\u0131k Alan\u0131<\/span><\/strong><\/span><\/td>\n<td><span style=\"font-size: 8pt; font-family: verdana, geneva;\">G\u00f6\u011f\u00fcs ve Kalp Damar Cerrahisi<\/span><\/td>\n<\/tr>\n<tr>\n<td><span style=\"font-size: 8pt;\"><strong><span style=\"font-family: verdana, geneva;\">Yan Dal Uzmanl\u0131k Alan\u0131 <\/span><\/strong><\/span><\/td>\n<td><span style=\"font-size: 8pt; font-family: verdana, geneva;\">Damar Cerrahisi<\/span><\/td>\n<\/tr>\n<tr>\n<td><span style=\"font-size: 8pt;\"><strong><span style=\"font-family: verdana, geneva;\">Mezun Oldu\u011fu Fak\u00fclte Y\u0131l\u0131 <\/span><\/strong><\/span><\/td>\n<td><span style=\"font-size: 8pt; font-family: verdana, geneva;\">Cerrahpa\u015fa T\u0131p Fak\u00fcltesi -1987<\/span><\/td>\n<\/tr>\n<tr>\n<td><span style=\"font-size: 8pt;\"><strong><span style=\"font-family: verdana, geneva;\">Uzmanl\u0131k Yeri ve Y\u0131l\u0131 <\/span><\/strong><\/span><\/td>\n<td>\n<p class=\"MsoNormal\"><span style=\"font-family: verdana, geneva; font-size: 8pt;\">Cerrahpa\u015fa T\u0131p Fak\u00fcltesi -1993<\/span><\/p>\n<\/td>\n<\/tr>\n<tr>\n<td><span style=\"font-size: 8pt;\"><strong><span style=\"font-family: verdana, geneva;\">Yandal Uzmanl\u0131k Yeri ve Y\u0131l\u0131 <\/span><\/strong><\/span><\/td>\n<td><span style=\"font-size: 8pt; font-family: verdana, geneva;\">Cerrahpa\u015fa T\u0131p Fak\u00fcltesi &#8211; 1994<\/span><\/td>\n<\/tr>\n<tr>\n<td><span style=\"font-size: 8pt;\"><strong><span style=\"font-family: verdana, geneva;\">Doktora\/Do\u00e7entlik Yeri ve Y\u0131l\u0131<\/span><\/strong><\/span><\/td>\n<td><span style=\"font-family: verdana, geneva; font-size: 8pt;\"> Yrd. D\u00e7. Kadir Has \u00dcniversitesi -2001 <\/span><\/td>\n<\/tr>\n<tr>\n<td><span style=\"font-size: 8pt;\"><strong><span style=\"font-family: verdana, geneva;\">Yabanc\u0131 Diller <\/span><\/strong><\/span><\/td>\n<td>\n<p class=\"MsoNormal\"><span style=\"font-family: verdana, geneva; font-size: 8pt;\">\u0130ngilizce-Almanca-Azerice-Fars\u00e7a-Arap\u00e7a<\/span><\/p>\n<\/td>\n<\/tr>\n<tr>\n<td><span style=\"font-size: 8pt;\"><strong><span style=\"text-decoration: underline; font-family: verdana, geneva;\"><span style=\"color: #000000;\">Mesleki \u00d6d\u00fcller<\/span><\/span><\/strong><\/span><\/td>\n<td>\n<p class=\"MsoNormal\"><span style=\"font-family: verdana, geneva; font-size: 8pt;\">G.K.D. Klinik Ara\u015ft\u0131rma \u00d6d\u00fcl\u00fc -1990<\/span><\/p>\n<p class=\"MsoNormal\"><span style=\"font-family: verdana, geneva; font-size: 8pt;\"> Kalp Cerrahisi Kongresi Klinik \u00c7al\u0131\u015fma \u00d6d\u00fcl\u00fc-1995<\/span><\/p>\n<\/td>\n<\/tr>\n<tr>\n<td>\n<p class=\"MsoNormal\"><span style=\"font-size: 8pt;\"><strong><span style=\"font-family: verdana, geneva;\"><span style=\"mso-spacerun: yes;\">1994<\/span><\/span><\/strong><\/span><\/p>\n<\/td>\n<td><span style=\"font-size: 8pt; font-family: verdana, geneva;\">Cerrahpa\u015fa T\u0131p Fak\u00fcltesi\u2019nden G\u00f6\u011f\u00fcs Kalp veDamar Cerrahisi uzmanl\u0131\u011f\u0131<\/span><\/td>\n<\/tr>\n<tr>\n<td><span style=\"font-size: 8pt;\"><strong><span style=\"font-family: verdana, geneva;\">1994 <\/span><\/strong><\/span><\/td>\n<td><span style=\"font-size: 8pt; font-family: verdana, geneva;\">Harefield Hospital Middlesex Londra\u2019 da \u00e7al\u0131\u015fmalarda bulundu. Bir y\u0131l homograft ve transplantasyon ve koroner cerrahisinde \u00e7al\u0131\u015ft\u0131.<\/span><\/td>\n<\/tr>\n<tr>\n<td><span style=\"font-size: 8pt;\"><strong><span style=\"font-family: verdana, geneva;\">1995-2001 <\/span><\/strong><\/span><\/td>\n<td><span style=\"font-size: 8pt; font-family: verdana, geneva;\">\u0130stanbul Florence Nightingale Hastanesinde Prof.Dr. Bing\u00fcr S\u00d6NMEZ ile beraber Kalp ve Damer Cerrahisinde \u00e7al\u0131\u015fmalar\u0131 oldu. <\/span><\/td>\n<\/tr>\n<tr>\n<td><span style=\"font-size: 8pt;\"><strong><span style=\"font-family: verdana, geneva;\">2001 &#8211; 2002 <\/span><\/strong><\/span><\/td>\n<td><span style=\"font-size: 8pt; font-family: verdana, geneva;\">Kolombia \u00dcniversitesi Presbaritian Hastanesi Kalp Cerrahisi Dal\u0131 Newyork ABD<\/span><\/td>\n<\/tr>\n<tr>\n<td><span style=\"font-family: verdana, geneva; font-size: 8pt;\"><strong>2002- 2003<\/strong><\/span><\/td>\n<td>\n<p class=\"MsoNormal\"><span style=\"font-family: verdana, geneva; font-size: 8pt;\">Un\u0131vers\u0131ty of California ,San Diego (UCSD)<\/span><\/p>\n<p><span style=\"font-family: verdana, geneva; font-size: 8pt;\">Vein Inst\u0131tute of la Jolla<\/span><\/td>\n<\/tr>\n<\/tbody>\n<\/table>\n<table style=\"height: 10px; width: 500px;\" border=\"0\">\n<tbody>\n<tr>\n<td><strong style=\"font-size: 8pt;\"><span style=\"font-family: verdana,geneva;\"><span style=\"font-family: 'Comic Sans MS';\"><span style=\"font-family: verdana, geneva;\">2003 <\/span><\/span><\/span><\/strong><\/td>\n<td><span style=\"font-size: 8pt; font-family: verdana, geneva;\"><span style=\"font-family: 'Comic Sans MS';\"><span style=\"font-family: verdana, geneva;\">\u0130stanbul T\u00fcrkiye Hastanesi\u2019nde Kalp ve Damar Cerrahisinde<\/span><\/span><\/span><span style=\"font-size: 8pt; font-family: verdana, geneva;\"><span style=\"font-family: 'Comic Sans MS';\"><span style=\"font-family: verdana, geneva;\"> Damar <\/span><\/span><\/span><span style=\"font-family: verdana, geneva;\">cerrahisini <\/span> <span style=\"font-family: verdana, geneva;\">kurdu.<\/span><\/p>\n<p><span style=\"font-family: verdana, geneva;\"><span style=\"font-family: verdana, geneva;\">\u00d6zellikle bacaklardaki Ven\u00f6z hastal\u0131klar\u0131n tedavi ve<\/span> <span style=\"font-family: verdana, geneva;\">cerrahisinde <span style=\"font-family: verdana, geneva;\">ba\u015far\u0131l\u0131 ameliyatlar ger\u00e7ekle\u015ftirdi.<\/span><\/span><\/span><\/td>\n<\/tr>\n<tr>\n<td><strong style=\"font-family: verdana, geneva;\">2009 <\/strong><\/td>\n<td><span style=\"font-family: verdana, geneva;\">Okmeydan\u0131 Damar Merkezini kurdu. <\/span><\/p>\n<p><span style=\"font-family: verdana, geneva;\">Bu merkezde Ultrason Dobler alt\u0131nda Tek seansta Varis Tedavileri, Vulva ve Perine deki Varis Tedavilerine y\u00f6neli mikro foam tedavileri diyabetik ayaklarda, kritik bacak iskemisinde d\u00fc\u015f\u00fck enerjili Lazer tedavileri, bacak atar damar t\u0131kan\u0131klar\u0131 ve hastal\u0131klar\u0131nda ultraviyole lazer tedavileri, diyabetik yaralarda ve atar damar hastal\u0131\u011f\u0131na ba\u011flu impotans \u015fikayetlerinde intravenoz oksijen tedavisi, Sellilo seklero terapi (sel\u00fclit Tedavisi) yap\u0131lmaktad\u0131r.<\/span><\/td>\n<\/tr>\n<tr>\n<td><\/td>\n<td><\/td>\n<\/tr>\n<\/tbody>\n<\/table>\n<p class=\"MsoNormal\"><span style=\"color: black; font-family: verdana, geneva;\"> <a href=\"http:\/\/www.varistedavileri.com\/\"><span style=\"text-decoration: underline;\"><span style=\"color: #0000ff; font-size: small;\">www.varistedavileri.com<\/span><\/span><\/a><\/span><\/p>\n<p class=\"MsoNormal\">\n<p class=\"MsoNormal\"><span style=\"color: black; font-family: verdana, geneva;\"><span style=\"font-size: small;\"><strong>\u0130leti\u015fim <\/strong>Okmeydan\u0131 Damar Merkezi <\/span><\/span><\/p>\n<p class=\"MsoNormal\"><span style=\"color: black; font-family: verdana, geneva;\"><span style=\"font-size: small;\"> Dar\u00fclaceze Cad. Ek\u015fio\u011flu \u0130\u015f Merkezi<\/span><\/span><\/p>\n<p class=\"MsoNormal\"><span style=\"color: black; font-family: verdana, geneva;\"><span style=\"font-size: small;\"> No: 36 34360 \u015ei\u015fli \/\u0130stanbul<\/span><\/span><\/p>\n<p class=\"MsoNormal\"><span style=\"color: black; font-family: verdana, geneva;\"><span style=\"font-size: small;\"> Telefon : 0212 320 30 22<\/span><\/span><\/p>\n<p class=\"MsoNormal\"><span style=\"color: black; font-family: verdana, geneva;\"><span style=\"font-size: small;\"> Fax 0212 320 30 55<\/span><\/span><\/p>\n<p class=\"MsoNormal\">\n<p class=\"MsoNormal\"><span style=\"color: black; font-family: verdana, geneva;\"><span style=\"font-size: small;\">Mail: <span style=\"mso-spacerun: yes;\"> varis@caferabbasoglu.com<\/span><\/span><\/span><\/p>\n","protected":false},"excerpt":{"rendered":"<p>&nbsp; Dr. Cafer Abbasoglu &#8211; English Resume Ad\u0131 Soyad\u0131 Cafer Abbaso\u011flu Do\u011fum Yeri ve Y\u0131l\u0131 Maku, 10.03.1958 Uzmanl\u0131k Alan\u0131 G\u00f6\u011f\u00fcs ve Kalp Damar Cerrahisi Yan Dal Uzmanl\u0131k Alan\u0131 Damar Cerrahisi Mezun Oldu\u011fu Fak\u00fclte Y\u0131l\u0131 Cerrahpa\u015fa T\u0131p Fak\u00fcltesi -1987 Uzmanl\u0131k Yeri ve Y\u0131l\u0131 Cerrahpa\u015fa T\u0131p Fak\u00fcltesi -1993 Yandal Uzmanl\u0131k Yeri ve Y\u0131l\u0131 Cerrahpa\u015fa T\u0131p Fak\u00fcltesi &#8211; [&hellip;]<\/p>\n","protected":false},"author":5,"featured_media":0,"parent":0,"menu_order":5,"comment_status":"closed","ping_status":"closed","template":"","meta":{"footnotes":""},"class_list":["post-31","page","type-page","status-publish","hentry"],"translation":{"provider":"WPGlobus","version":"3.0.0","language":"en","enabled_languages":["tr","en"],"languages":{"tr":{"title":true,"content":true,"excerpt":false},"en":{"title":false,"content":false,"excerpt":false}}},"yoast_head":"<!-- This site is optimized with the Yoast SEO plugin v24.9 - https:\/\/yoast.com\/wordpress\/plugins\/seo\/ -->\n<title>Cafer Abbasoglu - Damar Tedavileri<\/title>\n<meta name=\"robots\" content=\"index, follow, max-snippet:-1, max-image-preview:large, max-video-preview:-1\" \/>\n<link rel=\"canonical\" href=\"http:\/\/www.damartedavileri.com\/cafer-abbasoglu\/\" \/>\n<meta property=\"og:locale\" content=\"en_US\" \/>\n<meta property=\"og:type\" content=\"article\" \/>\n<meta property=\"og:title\" content=\"Cafer Abbasoglu - Damar Tedavileri\" \/>\n<meta property=\"og:url\" content=\"http:\/\/www.damartedavileri.com\/cafer-abbasoglu\/\" \/>\n<meta property=\"og:site_name\" content=\"Damar Tedavileri\" \/>\n<meta property=\"article:modified_time\" content=\"2016-04-20T19:42:46+00:00\" \/>\n<meta property=\"og:image\" content=\"http:\/\/www.damartedavileri.com\/wp-content\/uploads\/2010\/07\/drabbasoglu.jpg\" \/>\n<meta name=\"twitter:card\" content=\"summary_large_image\" \/>\n<meta name=\"twitter:label1\" content=\"Est. reading time\" \/>\n\t<meta name=\"twitter:data1\" content=\"2 minutes\" \/>\n<script type=\"application\/ld+json\" class=\"yoast-schema-graph\">{\"@context\":\"https:\/\/schema.org\",\"@graph\":[{\"@type\":\"WebPage\",\"@id\":\"http:\/\/www.damartedavileri.com\/cafer-abbasoglu\/\",\"url\":\"http:\/\/www.damartedavileri.com\/cafer-abbasoglu\/\",\"name\":\"Cafer Abbasoglu - Damar Tedavileri\",\"isPartOf\":{\"@id\":\"https:\/\/www.damartedavileri.com\/en\/#website\"},\"primaryImageOfPage\":{\"@id\":\"http:\/\/www.damartedavileri.com\/cafer-abbasoglu\/#primaryimage\"},\"image\":{\"@id\":\"http:\/\/www.damartedavileri.com\/cafer-abbasoglu\/#primaryimage\"},\"thumbnailUrl\":\"http:\/\/www.damartedavileri.com\/wp-content\/uploads\/2010\/07\/drabbasoglu.jpg\",\"datePublished\":\"2010-07-30T08:12:52+00:00\",\"dateModified\":\"2016-04-20T19:42:46+00:00\",\"breadcrumb\":{\"@id\":\"http:\/\/www.damartedavileri.com\/cafer-abbasoglu\/#breadcrumb\"},\"inLanguage\":\"en-US\",\"potentialAction\":[{\"@type\":\"ReadAction\",\"target\":[\"http:\/\/www.damartedavileri.com\/cafer-abbasoglu\/\"]}]},{\"@type\":\"ImageObject\",\"inLanguage\":\"en-US\",\"@id\":\"http:\/\/www.damartedavileri.com\/cafer-abbasoglu\/#primaryimage\",\"url\":\"http:\/\/www.damartedavileri.com\/wp-content\/uploads\/2010\/07\/drabbasoglu.jpg\",\"contentUrl\":\"http:\/\/www.damartedavileri.com\/wp-content\/uploads\/2010\/07\/drabbasoglu.jpg\"},{\"@type\":\"BreadcrumbList\",\"@id\":\"http:\/\/www.damartedavileri.com\/cafer-abbasoglu\/#breadcrumb\",\"itemListElement\":[{\"@type\":\"ListItem\",\"position\":1,\"name\":\"Ana sayfa\",\"item\":\"https:\/\/www.damartedavileri.com\/en\/\"},{\"@type\":\"ListItem\",\"position\":2,\"name\":\"Cafer Abbasoglu\"}]},{\"@type\":\"WebSite\",\"@id\":\"https:\/\/www.damartedavileri.com\/en\/#website\",\"url\":\"https:\/\/www.damartedavileri.com\/en\/\",\"name\":\"Damar Tedavileri\",\"description\":\"Okmeydan\u0131 Damar Merkezi\",\"potentialAction\":[{\"@type\":\"SearchAction\",\"target\":{\"@type\":\"EntryPoint\",\"urlTemplate\":\"https:\/\/www.damartedavileri.com\/en\/?s={search_term_string}\"},\"query-input\":{\"@type\":\"PropertyValueSpecification\",\"valueRequired\":true,\"valueName\":\"search_term_string\"}}],\"inLanguage\":\"en-US\"}]}<\/script>\n<!-- \/ Yoast SEO plugin. -->","yoast_head_json":{"title":"Cafer Abbasoglu - Damar Tedavileri","robots":{"index":"index","follow":"follow","max-snippet":"max-snippet:-1","max-image-preview":"max-image-preview:large","max-video-preview":"max-video-preview:-1"},"canonical":"http:\/\/www.damartedavileri.com\/cafer-abbasoglu\/","og_locale":"en_US","og_type":"article","og_title":"Cafer Abbasoglu - Damar Tedavileri","og_url":"http:\/\/www.damartedavileri.com\/cafer-abbasoglu\/","og_site_name":"Damar Tedavileri","article_modified_time":"2016-04-20T19:42:46+00:00","og_image":[{"url":"http:\/\/www.damartedavileri.com\/wp-content\/uploads\/2010\/07\/drabbasoglu.jpg","type":"","width":"","height":""}],"twitter_card":"summary_large_image","twitter_misc":{"Est. reading time":"2 minutes"},"schema":{"@context":"https:\/\/schema.org","@graph":[{"@type":"WebPage","@id":"http:\/\/www.damartedavileri.com\/cafer-abbasoglu\/","url":"http:\/\/www.damartedavileri.com\/cafer-abbasoglu\/","name":"Cafer Abbasoglu - Damar Tedavileri","isPartOf":{"@id":"https:\/\/www.damartedavileri.com\/en\/#website"},"primaryImageOfPage":{"@id":"http:\/\/www.damartedavileri.com\/cafer-abbasoglu\/#primaryimage"},"image":{"@id":"http:\/\/www.damartedavileri.com\/cafer-abbasoglu\/#primaryimage"},"thumbnailUrl":"http:\/\/www.damartedavileri.com\/wp-content\/uploads\/2010\/07\/drabbasoglu.jpg","datePublished":"2010-07-30T08:12:52+00:00","dateModified":"2016-04-20T19:42:46+00:00","breadcrumb":{"@id":"http:\/\/www.damartedavileri.com\/cafer-abbasoglu\/#breadcrumb"},"inLanguage":"en-US","potentialAction":[{"@type":"ReadAction","target":["http:\/\/www.damartedavileri.com\/cafer-abbasoglu\/"]}]},{"@type":"ImageObject","inLanguage":"en-US","@id":"http:\/\/www.damartedavileri.com\/cafer-abbasoglu\/#primaryimage","url":"http:\/\/www.damartedavileri.com\/wp-content\/uploads\/2010\/07\/drabbasoglu.jpg","contentUrl":"http:\/\/www.damartedavileri.com\/wp-content\/uploads\/2010\/07\/drabbasoglu.jpg"},{"@type":"BreadcrumbList","@id":"http:\/\/www.damartedavileri.com\/cafer-abbasoglu\/#breadcrumb","itemListElement":[{"@type":"ListItem","position":1,"name":"Ana sayfa","item":"https:\/\/www.damartedavileri.com\/en\/"},{"@type":"ListItem","position":2,"name":"Cafer Abbasoglu"}]},{"@type":"WebSite","@id":"https:\/\/www.damartedavileri.com\/en\/#website","url":"https:\/\/www.damartedavileri.com\/en\/","name":"Damar Tedavileri","description":"Okmeydan\u0131 Damar Merkezi","potentialAction":[{"@type":"SearchAction","target":{"@type":"EntryPoint","urlTemplate":"https:\/\/www.damartedavileri.com\/en\/?s={search_term_string}"},"query-input":{"@type":"PropertyValueSpecification","valueRequired":true,"valueName":"search_term_string"}}],"inLanguage":"en-US"}]}},"_links":{"self":[{"href":"https:\/\/www.damartedavileri.com\/en\/wp-json\/wp\/v2\/pages\/31","targetHints":{"allow":["GET"]}}],"collection":[{"href":"https:\/\/www.damartedavileri.com\/en\/wp-json\/wp\/v2\/pages"}],"about":[{"href":"https:\/\/www.damartedavileri.com\/en\/wp-json\/wp\/v2\/types\/page"}],"author":[{"embeddable":true,"href":"https:\/\/www.damartedavileri.com\/en\/wp-json\/wp\/v2\/users\/5"}],"replies":[{"embeddable":true,"href":"https:\/\/www.damartedavileri.com\/en\/wp-json\/wp\/v2\/comments?post=31"}],"version-history":[{"count":3,"href":"https:\/\/www.damartedavileri.com\/en\/wp-json\/wp\/v2\/pages\/31\/revisions"}],"predecessor-version":[{"id":507,"href":"https:\/\/www.damartedavileri.com\/en\/wp-json\/wp\/v2\/pages\/31\/revisions\/507"}],"wp:attachment":[{"href":"https:\/\/www.damartedavileri.com\/en\/wp-json\/wp\/v2\/media?parent=31"}],"curies":[{"name":"wp","href":"https:\/\/api.w.org\/{rel}","templated":true}]}}