{"id":476,"date":"2016-03-02T13:16:52","date_gmt":"2016-03-02T11:16:52","guid":{"rendered":"http:\/\/www.damartedavileri.com\/?page_id=476"},"modified":"2016-03-02T13:33:36","modified_gmt":"2016-03-02T11:33:36","slug":"diz-eklem-hastalarinda-lazer-tedavisi","status":"publish","type":"page","link":"https:\/\/www.damartedavileri.com\/en\/diz-eklem-hastalarinda-lazer-tedavisi\/","title":{"rendered":"Diz Eklem Hastalar\u0131nda Lazer Tedavisi"},"content":{"rendered":"<p><img loading=\"lazy\" decoding=\"async\" class=\"alignleft size-full wp-image-479\" src=\"http:\/\/www.damartedavileri.com\/wp-content\/uploads\/2016\/03\/diz-lazer1.jpg\" alt=\"diz-lazer1\" width=\"446\" height=\"350\" \/><\/p>\n<p>Diz eklemi, v\u00fccudun t\u00fcm a\u011f\u0131rl\u0131\u011f\u0131n\u0131 ta\u015f\u0131d\u0131\u011f\u0131 ve ko\u015fma ya da z\u0131plama s\u0131ras\u0131nda ekstra kuvvet harcad\u0131\u011f\u0131 i\u00e7in hasara ve a\u011fr\u0131ya \u00e7ok yatk\u0131nd\u0131r. Bu y\u00fczden normalin \u00fczerinde kilosu olan insanlarda diz a\u011fr\u0131s\u0131 g\u00f6r\u00fclmesi ihtimali y\u00fcksekti.<\/p>\n<p>Hastan\u0131n yap\u0131lan tetkiklerinde ve \u015fik\u00e2yetlerinde diz eklemlerinde \u00f6dem, y\u0131rt\u0131lma, s\u0131v\u0131 mevcut ise hastaya tedaviler \u00f6nerilmektedir. Cerrahi tedavisi, fizik tedavi, PRP ve D\u00fc\u015f\u00fck Enerjili Lazer tedavisi hastan\u0131n \u015fik\u00e2yetlerini azaltmaktad\u0131r.<\/p>\n<p>D\u00fcnyan\u0131n en \u00f6nemli kliniklerinde d\u00fc\u015f\u00fck enerjili lazerin \u00f6zellikle diz kire\u00e7lenmelerinde g\u00f6r\u00fclen k\u0131k\u0131rdak zedelenmeleri ve a\u015f\u0131nmalar\u0131 \u00fczerine iyile\u015ftirici etkisi g\u00f6sterilmi\u015ftir.<\/p>\n<p>Tedavide her iki dize veya \u015fik\u00e2yeti olan dize hasta MR ve tetkiklerin yan\u0131 s\u0131ra laboratuar tetkikleri ve umumi muayeneden sonra \u015fikayeti olan dize lazer yap\u0131lmaya karar verdikten sonra uygun pozisyona intertisyel diz eklem i\u00e7erisine d\u0131\u015far\u0131dan lazer \u0131\u015f\u0131n\u0131 uygulanmakta bu uygulaman\u0131n herhangi bir yan etkisi a\u011fr\u0131s\u0131 yoktur. Hastan\u0131n \u015fik\u00e2yeti ve derecesine g\u00f6re lazer \u0131\u015f\u0131n\u0131, dalga boyu se\u00e7ilmektedir ve 1 saat s\u00fcre lazer \u0131\u015f\u0131n\u0131 b\u00f6lgeye uygulan\u0131r. Hasta y\u00fcr\u00fcyerek normal hayat\u0131na devam eder. \u0130yile\u015fme ve \u015fik\u00e2yetler ilk seanstan itibaren hasta iyi hisseder ve giderek \u00f6dem ve \u015fik\u00e2yetler b\u00fcy\u00fck \u00f6l\u00e7\u00fcde azal\u0131r. Tedavi hastan\u0131n \u015fik\u00e2yeti ve hastaya g\u00f6re de\u011fi\u015fmektedir. Genellikle haftada 2 seans ve 3 hafta s\u00fcrmektedir. Toplam 6 seans hastalar i\u00e7in d\u00fc\u015f\u00fck enerjili lazer uygulanarak \u015fik\u00e2yetleri giderilmektedir.<\/p>\n<p><img loading=\"lazy\" decoding=\"async\" class=\"alignleft size-full wp-image-479\" src=\"http:\/\/www.damartedavileri.com\/wp-content\/uploads\/2016\/03\/diz-lazer2.jpg\" alt=\"diz-lazer1\" width=\"353\" height=\"470\" \/><\/p>\n<ul>\n<li>Diz kire\u00e7lenmesi olan orta ya\u015fl\u0131 hastalarda k\u0131k\u0131rdak iyile\u015fmesine yard\u0131mc\u0131 oldu\u011fu d\u00fc\u015f\u00fcn\u00fclen PRP ve hyaluronik asit gibi enjeksiyon tedavilerinin yan\u0131nda son zamanlarda en iyi tedavi y\u00f6ntemi kal\u0131c\u0131 uzun etkisiyle d\u00fc\u015f\u00fck enerjili lazer tedavisidir. Bu tedavide k\u0131k\u0131rdak hastal\u0131\u011f\u0131na ba\u011fl\u0131 men\u00fcsk\u00fcs y\u0131rt\u0131lmalar\u0131na ba\u011fl\u0131 b\u00f6lgede olu\u015fan \u00f6dem d\u00fc\u015f\u00fck enerjili lazerin etkisi alt\u0131nda b\u00fcy\u00fck \u00f6l\u00e7\u00fcde \u00e7\u00f6z\u00fclmektedir. Seanslar \u015feklinde verilen d\u00fc\u015f\u00fck enerjili lazer tedavisi \u00f6demi \u00e7\u00f6zd\u00fckten sonra b\u00f6lgedeki a\u011fr\u0131 ve \u015fi\u015flik giderilmektedir. Hasta b\u00fcy\u00fck \u00f6l\u00e7\u00fcde rahatlamaktad\u0131r.<\/li>\n<li>Obez hastalarda diz a\u011fr\u0131s\u0131 ve diz kire\u00e7lenmesi daha s\u0131k g\u00f6r\u00fclmektedir. Bu hastalarda a\u011fr\u0131 ve hareket k\u0131s\u0131tl\u0131l\u0131\u011f\u0131 \u00f6nemli \u015fik\u00e2yetlerdendir. Bu tip hastalarda d\u00fc\u015f\u00fck enerjili lazer tedavisi her iki diz eklemlerinde veya tek dizde b\u00f6lgedeki \u00f6deme ba\u011fl\u0131 \u015fik\u00e2yetler \u015fi\u015fli\u011fe ba\u011fl\u0131 \u015fikayetleri ve hastal\u0131\u011f\u0131n verdi\u011fi s\u0131v\u0131 toplanmas\u0131n\u0131, k\u0131zar\u0131kl\u0131\u011f\u0131, a\u011fr\u0131y\u0131 lazerin etki mekanizmas\u0131na dayanarak b\u00fcy\u00fck \u00f6l\u00e7\u00fcde yok etmektedir. A\u011fr\u0131, \u015fi\u015flik, s\u0131v\u0131, \u00f6dem azald\u0131\u011f\u0131 zaman ve yok oldu\u011fu zaman hastan\u0131n \u015fikayetleri de b\u00fcy\u00fck \u00f6l\u00e7\u00fcde yok olmaktad\u0131r.Hasta sa\u011fl\u0131kl\u0131 ve konforlu bir ya\u015fam s\u00fcrd\u00fcrmektedir.<\/li>\n<li>Diz kire\u00e7lenmesi olan obez hastalarda, kilo vermek a\u011fr\u0131n\u0131n ciddi \u015fekilde azalmas\u0131n\u0131 sa\u011flayacakt\u0131r\n<ul>\n<li>Diz eklemlerinde di\u011fer \u015fik\u00e2yetlerden<\/li>\n<li>Dizin ba\u011flar\u0131n\u0131n zedelenmesi<\/li>\n<li>Diz kapa\u011f\u0131 kaymas\u0131 ve k\u0131k\u0131rdak zedelenmesi<\/li>\n<li>Menisk\u00fcs y\u0131rt\u0131klar\u0131<\/li>\n<li>Diz kire\u00e7lenmesi<\/li>\n<li>Avazk\u00fcler Nekroz bu \u015fikayetlerde de \u00f6zellikle k\u0131rm\u0131z\u0131 lazer \u0131\u015f\u0131\u011f\u0131 d\u00fc\u015f\u00fck enerjili lazer \u015fikayetlerin giderilmesinde en \u00f6nemli etkisi mevcut zira b\u00f6lgede lokal kanlanmay\u0131 art\u0131rarak \u00f6demi ve a\u011fr\u0131y\u0131 \u00e7\u00f6zmektedir men\u00fcsk\u00fcs y\u0131rt\u0131klar\u0131n\u0131 onarmaktad\u0131r ve avazk\u00fcler nekroz gibi \u015fikayetleri kanlanmas\u0131n\u0131 sa\u011flayarak b\u00fcy\u00fck \u00f6l\u00e7\u00fcde gidermektedir.<\/li>\n<\/ul>\n<\/li>\n<\/ul>\n","protected":false},"excerpt":{"rendered":"<p>Diz eklemi, v\u00fccudun t\u00fcm a\u011f\u0131rl\u0131\u011f\u0131n\u0131 ta\u015f\u0131d\u0131\u011f\u0131 ve ko\u015fma ya da z\u0131plama s\u0131ras\u0131nda ekstra kuvvet harcad\u0131\u011f\u0131 i\u00e7in hasara ve a\u011fr\u0131ya \u00e7ok yatk\u0131nd\u0131r. Bu y\u00fczden normalin \u00fczerinde kilosu olan insanlarda diz a\u011fr\u0131s\u0131 g\u00f6r\u00fclmesi ihtimali y\u00fcksekti. Hastan\u0131n yap\u0131lan tetkiklerinde ve \u015fik\u00e2yetlerinde diz eklemlerinde \u00f6dem, y\u0131rt\u0131lma, s\u0131v\u0131 mevcut ise hastaya tedaviler \u00f6nerilmektedir. Cerrahi tedavisi, fizik tedavi, PRP ve D\u00fc\u015f\u00fck [&hellip;]<\/p>\n","protected":false},"author":5,"featured_media":0,"parent":0,"menu_order":0,"comment_status":"closed","ping_status":"closed","template":"","meta":{"footnotes":""},"class_list":["post-476","page","type-page","status-publish","hentry"],"translation":{"provider":"WPGlobus","version":"3.0.0","language":"en","enabled_languages":["tr","en"],"languages":{"tr":{"title":true,"content":true,"excerpt":false},"en":{"title":false,"content":false,"excerpt":false}}},"yoast_head":"<!-- This site is optimized with the Yoast SEO plugin v24.9 - https:\/\/yoast.com\/wordpress\/plugins\/seo\/ -->\n<title>Diz Eklem Hastalar\u0131nda Lazer Tedavisi - Damar Tedavileri<\/title>\n<meta name=\"robots\" content=\"index, follow, max-snippet:-1, max-image-preview:large, max-video-preview:-1\" \/>\n<link rel=\"canonical\" href=\"https:\/\/www.damartedavileri.com\/diz-eklem-hastalarinda-lazer-tedavisi\/\" \/>\n<meta property=\"og:locale\" content=\"en_US\" \/>\n<meta property=\"og:type\" content=\"article\" \/>\n<meta property=\"og:title\" content=\"Diz Eklem Hastalar\u0131nda Lazer Tedavisi - Damar Tedavileri\" \/>\n<meta property=\"og:url\" content=\"https:\/\/www.damartedavileri.com\/diz-eklem-hastalarinda-lazer-tedavisi\/\" \/>\n<meta property=\"og:site_name\" content=\"Damar Tedavileri\" \/>\n<meta property=\"article:modified_time\" content=\"2016-03-02T11:33:36+00:00\" \/>\n<meta property=\"og:image\" content=\"http:\/\/www.damartedavileri.com\/wp-content\/uploads\/2016\/03\/diz-lazer1.jpg\" \/>\n<meta name=\"twitter:card\" content=\"summary_large_image\" \/>\n<meta name=\"twitter:label1\" content=\"Est. reading time\" \/>\n\t<meta name=\"twitter:data1\" content=\"3 minutes\" \/>\n<script type=\"application\/ld+json\" class=\"yoast-schema-graph\">{\"@context\":\"https:\/\/schema.org\",\"@graph\":[{\"@type\":\"WebPage\",\"@id\":\"https:\/\/www.damartedavileri.com\/diz-eklem-hastalarinda-lazer-tedavisi\/\",\"url\":\"https:\/\/www.damartedavileri.com\/diz-eklem-hastalarinda-lazer-tedavisi\/\",\"name\":\"Diz Eklem Hastalar\u0131nda Lazer Tedavisi - Damar Tedavileri\",\"isPartOf\":{\"@id\":\"https:\/\/www.damartedavileri.com\/#website\"},\"primaryImageOfPage\":{\"@id\":\"https:\/\/www.damartedavileri.com\/diz-eklem-hastalarinda-lazer-tedavisi\/#primaryimage\"},\"image\":{\"@id\":\"https:\/\/www.damartedavileri.com\/diz-eklem-hastalarinda-lazer-tedavisi\/#primaryimage\"},\"thumbnailUrl\":\"http:\/\/www.damartedavileri.com\/wp-content\/uploads\/2016\/03\/diz-lazer1.jpg\",\"datePublished\":\"2016-03-02T11:16:52+00:00\",\"dateModified\":\"2016-03-02T11:33:36+00:00\",\"breadcrumb\":{\"@id\":\"https:\/\/www.damartedavileri.com\/diz-eklem-hastalarinda-lazer-tedavisi\/#breadcrumb\"},\"inLanguage\":\"en-US\",\"potentialAction\":[{\"@type\":\"ReadAction\",\"target\":[\"https:\/\/www.damartedavileri.com\/diz-eklem-hastalarinda-lazer-tedavisi\/\"]}]},{\"@type\":\"ImageObject\",\"inLanguage\":\"en-US\",\"@id\":\"https:\/\/www.damartedavileri.com\/diz-eklem-hastalarinda-lazer-tedavisi\/#primaryimage\",\"url\":\"http:\/\/www.damartedavileri.com\/wp-content\/uploads\/2016\/03\/diz-lazer1.jpg\",\"contentUrl\":\"http:\/\/www.damartedavileri.com\/wp-content\/uploads\/2016\/03\/diz-lazer1.jpg\"},{\"@type\":\"BreadcrumbList\",\"@id\":\"https:\/\/www.damartedavileri.com\/diz-eklem-hastalarinda-lazer-tedavisi\/#breadcrumb\",\"itemListElement\":[{\"@type\":\"ListItem\",\"position\":1,\"name\":\"Ana sayfa\",\"item\":\"https:\/\/www.damartedavileri.com\/\"},{\"@type\":\"ListItem\",\"position\":2,\"name\":\"Diz Eklem Hastalar\u0131nda Lazer Tedavisi\"}]},{\"@type\":\"WebSite\",\"@id\":\"https:\/\/www.damartedavileri.com\/#website\",\"url\":\"https:\/\/www.damartedavileri.com\/\",\"name\":\"Damar Tedavileri\",\"description\":\"Okmeydan\u0131 Damar Merkezi\",\"potentialAction\":[{\"@type\":\"SearchAction\",\"target\":{\"@type\":\"EntryPoint\",\"urlTemplate\":\"https:\/\/www.damartedavileri.com\/?s={search_term_string}\"},\"query-input\":{\"@type\":\"PropertyValueSpecification\",\"valueRequired\":true,\"valueName\":\"search_term_string\"}}],\"inLanguage\":\"en-US\"}]}<\/script>\n<!-- \/ Yoast SEO plugin. -->","yoast_head_json":{"title":"Diz Eklem Hastalar\u0131nda Lazer Tedavisi - Damar Tedavileri","robots":{"index":"index","follow":"follow","max-snippet":"max-snippet:-1","max-image-preview":"max-image-preview:large","max-video-preview":"max-video-preview:-1"},"canonical":"https:\/\/www.damartedavileri.com\/diz-eklem-hastalarinda-lazer-tedavisi\/","og_locale":"en_US","og_type":"article","og_title":"Diz Eklem Hastalar\u0131nda Lazer Tedavisi - Damar Tedavileri","og_url":"https:\/\/www.damartedavileri.com\/diz-eklem-hastalarinda-lazer-tedavisi\/","og_site_name":"Damar Tedavileri","article_modified_time":"2016-03-02T11:33:36+00:00","og_image":[{"url":"http:\/\/www.damartedavileri.com\/wp-content\/uploads\/2016\/03\/diz-lazer1.jpg","type":"","width":"","height":""}],"twitter_card":"summary_large_image","twitter_misc":{"Est. reading time":"3 minutes"},"schema":{"@context":"https:\/\/schema.org","@graph":[{"@type":"WebPage","@id":"https:\/\/www.damartedavileri.com\/diz-eklem-hastalarinda-lazer-tedavisi\/","url":"https:\/\/www.damartedavileri.com\/diz-eklem-hastalarinda-lazer-tedavisi\/","name":"Diz Eklem Hastalar\u0131nda Lazer Tedavisi - Damar Tedavileri","isPartOf":{"@id":"https:\/\/www.damartedavileri.com\/#website"},"primaryImageOfPage":{"@id":"https:\/\/www.damartedavileri.com\/diz-eklem-hastalarinda-lazer-tedavisi\/#primaryimage"},"image":{"@id":"https:\/\/www.damartedavileri.com\/diz-eklem-hastalarinda-lazer-tedavisi\/#primaryimage"},"thumbnailUrl":"http:\/\/www.damartedavileri.com\/wp-content\/uploads\/2016\/03\/diz-lazer1.jpg","datePublished":"2016-03-02T11:16:52+00:00","dateModified":"2016-03-02T11:33:36+00:00","breadcrumb":{"@id":"https:\/\/www.damartedavileri.com\/diz-eklem-hastalarinda-lazer-tedavisi\/#breadcrumb"},"inLanguage":"en-US","potentialAction":[{"@type":"ReadAction","target":["https:\/\/www.damartedavileri.com\/diz-eklem-hastalarinda-lazer-tedavisi\/"]}]},{"@type":"ImageObject","inLanguage":"en-US","@id":"https:\/\/www.damartedavileri.com\/diz-eklem-hastalarinda-lazer-tedavisi\/#primaryimage","url":"http:\/\/www.damartedavileri.com\/wp-content\/uploads\/2016\/03\/diz-lazer1.jpg","contentUrl":"http:\/\/www.damartedavileri.com\/wp-content\/uploads\/2016\/03\/diz-lazer1.jpg"},{"@type":"BreadcrumbList","@id":"https:\/\/www.damartedavileri.com\/diz-eklem-hastalarinda-lazer-tedavisi\/#breadcrumb","itemListElement":[{"@type":"ListItem","position":1,"name":"Ana sayfa","item":"https:\/\/www.damartedavileri.com\/"},{"@type":"ListItem","position":2,"name":"Diz Eklem Hastalar\u0131nda Lazer Tedavisi"}]},{"@type":"WebSite","@id":"https:\/\/www.damartedavileri.com\/#website","url":"https:\/\/www.damartedavileri.com\/","name":"Damar Tedavileri","description":"Okmeydan\u0131 Damar Merkezi","potentialAction":[{"@type":"SearchAction","target":{"@type":"EntryPoint","urlTemplate":"https:\/\/www.damartedavileri.com\/?s={search_term_string}"},"query-input":{"@type":"PropertyValueSpecification","valueRequired":true,"valueName":"search_term_string"}}],"inLanguage":"en-US"}]}},"_links":{"self":[{"href":"https:\/\/www.damartedavileri.com\/en\/wp-json\/wp\/v2\/pages\/476","targetHints":{"allow":["GET"]}}],"collection":[{"href":"https:\/\/www.damartedavileri.com\/en\/wp-json\/wp\/v2\/pages"}],"about":[{"href":"https:\/\/www.damartedavileri.com\/en\/wp-json\/wp\/v2\/types\/page"}],"author":[{"embeddable":true,"href":"https:\/\/www.damartedavileri.com\/en\/wp-json\/wp\/v2\/users\/5"}],"replies":[{"embeddable":true,"href":"https:\/\/www.damartedavileri.com\/en\/wp-json\/wp\/v2\/comments?post=476"}],"version-history":[{"count":12,"href":"https:\/\/www.damartedavileri.com\/en\/wp-json\/wp\/v2\/pages\/476\/revisions"}],"predecessor-version":[{"id":478,"href":"https:\/\/www.damartedavileri.com\/en\/wp-json\/wp\/v2\/pages\/476\/revisions\/478"}],"wp:attachment":[{"href":"https:\/\/www.damartedavileri.com\/en\/wp-json\/wp\/v2\/media?parent=476"}],"curies":[{"name":"wp","href":"https:\/\/api.w.org\/{rel}","templated":true}]}}